{"id":5045,"date":"2023-11-23T18:22:41","date_gmt":"2023-11-23T21:22:41","guid":{"rendered":"https:\/\/diekuche.com.ar\/new\/?post_type=product&#038;p=5045"},"modified":"2023-12-26T11:26:54","modified_gmt":"2023-12-26T14:26:54","slug":"piso-1","status":"publish","type":"product","link":"https:\/\/diekuche.com.ar\/index.php\/producto\/piso-1\/","title":{"rendered":"Piso Deck Curupay"},"content":{"rendered":"","protected":false},"excerpt":{"rendered":"<p><strong><u>PISOS FLOTANTES MELAM\u00cdNICOS CLICK:<\/u><\/strong><\/p>\n<p>Compuestos por un n\u00facleo de HDF, una l\u00e1mina decorativa de papel melam\u00ednico y un overlay de resistencia a la abrasi\u00f3n.<br \/>\n<strong>Colocaci\u00f3n: <\/strong>Flotante<br \/>\n<strong>Resistente al agua:<\/strong> No<br \/>\n<strong>Repulible:<\/strong> No<br \/>\n<strong>Material: <\/strong>Laminado Melam\u00ednico<br \/>\n<strong>Tipo de tr\u00e1nsito:<\/strong> Residencial intenso &#8211; Comercial Ligero(32\/AC4)<\/p>\n<p><img decoding=\"async\" class=\"alignnone size-full wp-image-5299\" src=\"https:\/\/diekuche.com.ar\/new\/wp-content\/uploads\/2023\/11\/pisos1.png\" alt=\"\" width=\"100%\" srcset=\"https:\/\/diekuche.com.ar\/wp-content\/uploads\/2023\/11\/pisos1.png 1405w, https:\/\/diekuche.com.ar\/wp-content\/uploads\/2023\/11\/pisos1-300x97.png 300w, https:\/\/diekuche.com.ar\/wp-content\/uploads\/2023\/11\/pisos1-1024x332.png 1024w, https:\/\/diekuche.com.ar\/wp-content\/uploads\/2023\/11\/pisos1-768x249.png 768w, https:\/\/diekuche.com.ar\/wp-content\/uploads\/2023\/11\/pisos1-600x195.png 600w\" sizes=\"(max-width: 1405px) 100vw, 1405px\" \/><\/p>\n<p>Los pisos laminados son una opci\u00f3n muy duradera de est\u00e9tica similar a la madera, brindando la sensaci\u00f3n de calidez y detalle. Ideales para el alto tr\u00e1nsito residencial, se suelen colocar en livings y dormitorios aprovechando sus propiedades antideslizantes.<\/p>\n<p><strong><u>PISOS FLOTANTES VIN\u00cdLICOS \u2013 SISTEMA CLICK:<\/u><\/strong><\/p>\n<p><strong>Colocaci\u00f3n: <\/strong>Flotante<br \/>\n<strong>Resistente al agua:<\/strong> Si<br \/>\n<strong>Repulible:<\/strong> No<br \/>\n<strong>Material:<\/strong> SPC (compuesto piedra y polietileno)<br \/>\n<strong>Tipo de tr\u00e1nsito:<\/strong> Comercial intenso (33\/AC6)<\/p>\n<p>De las l\u00edneas: <strong>NEXT PALACE, NEXT ORIGINAL WOOD, NEXT ORIGINAL STONE, NEXT ENTRY.<\/strong><\/p>\n<p><strong>NEXT PALACE<\/strong><br \/>\n<img decoding=\"async\" class=\"alignnone size-full wp-image-5303\" src=\"https:\/\/diekuche.com.ar\/new\/wp-content\/uploads\/2023\/11\/pisos2.png\" alt=\"\" width=\"100%\" srcset=\"https:\/\/diekuche.com.ar\/wp-content\/uploads\/2023\/11\/pisos2.png 1401w, https:\/\/diekuche.com.ar\/wp-content\/uploads\/2023\/11\/pisos2-300x97.png 300w, https:\/\/diekuche.com.ar\/wp-content\/uploads\/2023\/11\/pisos2-1024x333.png 1024w, https:\/\/diekuche.com.ar\/wp-content\/uploads\/2023\/11\/pisos2-768x249.png 768w, https:\/\/diekuche.com.ar\/wp-content\/uploads\/2023\/11\/pisos2-600x195.png 600w\" sizes=\"(max-width: 1401px) 100vw, 1401px\" \/><\/p>\n<p><strong>NEXT ORIGINAL WOOD <\/strong><br \/>\n<img decoding=\"async\" class=\"alignnone size-full wp-image-5305\" src=\"https:\/\/diekuche.com.ar\/new\/wp-content\/uploads\/2023\/11\/pisos3.png\" alt=\"\" width=\"100%\" srcset=\"https:\/\/diekuche.com.ar\/wp-content\/uploads\/2023\/11\/pisos3.png 1401w, https:\/\/diekuche.com.ar\/wp-content\/uploads\/2023\/11\/pisos3-300x147.png 300w, https:\/\/diekuche.com.ar\/wp-content\/uploads\/2023\/11\/pisos3-1024x503.png 1024w, https:\/\/diekuche.com.ar\/wp-content\/uploads\/2023\/11\/pisos3-768x377.png 768w, https:\/\/diekuche.com.ar\/wp-content\/uploads\/2023\/11\/pisos3-600x295.png 600w\" sizes=\"(max-width: 1401px) 100vw, 1401px\" \/><\/p>\n<p><strong>NEXT ORIGINAL STONE <\/strong><br \/>\n<img decoding=\"async\" class=\"alignnone size-full wp-image-5306\" src=\"https:\/\/diekuche.com.ar\/new\/wp-content\/uploads\/2023\/11\/pisos4.png\" alt=\"\" width=\"100%\" srcset=\"https:\/\/diekuche.com.ar\/wp-content\/uploads\/2023\/11\/pisos4.png 1405w, https:\/\/diekuche.com.ar\/wp-content\/uploads\/2023\/11\/pisos4-300x48.png 300w, https:\/\/diekuche.com.ar\/wp-content\/uploads\/2023\/11\/pisos4-1024x163.png 1024w, https:\/\/diekuche.com.ar\/wp-content\/uploads\/2023\/11\/pisos4-768x122.png 768w, https:\/\/diekuche.com.ar\/wp-content\/uploads\/2023\/11\/pisos4-600x96.png 600w\" sizes=\"(max-width: 1405px) 100vw, 1405px\" \/><\/p>\n<p><strong>NEXT ENTRY <\/strong><br \/>\n<img decoding=\"async\" class=\"alignnone size-full wp-image-5307\" src=\"https:\/\/diekuche.com.ar\/new\/wp-content\/uploads\/2023\/11\/pisos5.png\" alt=\"\" width=\"100%\" srcset=\"https:\/\/diekuche.com.ar\/wp-content\/uploads\/2023\/11\/pisos5.png 1401w, https:\/\/diekuche.com.ar\/wp-content\/uploads\/2023\/11\/pisos5-300x98.png 300w, https:\/\/diekuche.com.ar\/wp-content\/uploads\/2023\/11\/pisos5-1024x335.png 1024w, https:\/\/diekuche.com.ar\/wp-content\/uploads\/2023\/11\/pisos5-768x251.png 768w, https:\/\/diekuche.com.ar\/wp-content\/uploads\/2023\/11\/pisos5-600x196.png 600w\" sizes=\"(max-width: 1401px) 100vw, 1401px\" \/><\/p>\n<p><strong><u>PISO PEGADO VIN\u00cdLICO &#8211; RESIDENCIAL INTENSO &#8211; EUROTEC DRY BACK<\/u><\/strong><\/p>\n<p><strong>Resistente al agua:<\/strong> Si<br \/>\n<strong>Repulible:<\/strong> No<br \/>\n<strong>Material:<\/strong> PVC Virgen S\u00f3lido<br \/>\n<strong>Tipo de tr\u00e1nsito:<\/strong> Residencial intenso &#8211; Comercial Ligero (32\/AC4)<br \/>\n<img decoding=\"async\" class=\"alignnone size-full wp-image-5308\" src=\"https:\/\/diekuche.com.ar\/new\/wp-content\/uploads\/2023\/11\/pisos6.png\" alt=\"\" width=\"100%\" srcset=\"https:\/\/diekuche.com.ar\/wp-content\/uploads\/2023\/11\/pisos6.png 1401w, https:\/\/diekuche.com.ar\/wp-content\/uploads\/2023\/11\/pisos6-300x48.png 300w, https:\/\/diekuche.com.ar\/wp-content\/uploads\/2023\/11\/pisos6-1024x165.png 1024w, https:\/\/diekuche.com.ar\/wp-content\/uploads\/2023\/11\/pisos6-768x124.png 768w, https:\/\/diekuche.com.ar\/wp-content\/uploads\/2023\/11\/pisos6-600x97.png 600w\" sizes=\"(max-width: 1401px) 100vw, 1401px\" \/><\/p>\n","protected":false},"featured_media":5046,"template":"","meta":{"site-sidebar-layout":"default","site-content-layout":"","ast-site-content-layout":"default","site-content-style":"default","site-sidebar-style":"default","ast-global-header-display":"","ast-banner-title-visibility":"","ast-main-header-display":"","ast-hfb-above-header-display":"","ast-hfb-below-header-display":"","ast-hfb-mobile-header-display":"","site-post-title":"","ast-breadcrumbs-content":"","ast-featured-img":"","footer-sml-layout":"","theme-transparent-header-meta":"default","adv-header-id-meta":"","stick-header-meta":"","header-above-stick-meta":"","header-main-stick-meta":"","header-below-stick-meta":"","astra-migrate-meta-layouts":"set","ast-page-background-enabled":"default","ast-page-background-meta":{"desktop":{"background-color":"","background-image":"","background-repeat":"repeat","background-position":"center center","background-size":"auto","background-attachment":"scroll","background-type":"","background-media":"","overlay-type":"","overlay-color":"","overlay-opacity":"","overlay-gradient":""},"tablet":{"background-color":"","background-image":"","background-repeat":"repeat","background-position":"center center","background-size":"auto","background-attachment":"scroll","background-type":"","background-media":"","overlay-type":"","overlay-color":"","overlay-opacity":"","overlay-gradient":""},"mobile":{"background-color":"","background-image":"","background-repeat":"repeat","background-position":"center center","background-size":"auto","background-attachment":"scroll","background-type":"","background-media":"","overlay-type":"","overlay-color":"","overlay-opacity":"","overlay-gradient":""}},"ast-content-background-meta":{"desktop":{"background-color":"var(--ast-global-color-5)","background-image":"","background-repeat":"repeat","background-position":"center center","background-size":"auto","background-attachment":"scroll","background-type":"","background-media":"","overlay-type":"","overlay-color":"","overlay-opacity":"","overlay-gradient":""},"tablet":{"background-color":"var(--ast-global-color-5)","background-image":"","background-repeat":"repeat","background-position":"center center","background-size":"auto","background-attachment":"scroll","background-type":"","background-media":"","overlay-type":"","overlay-color":"","overlay-opacity":"","overlay-gradient":""},"mobile":{"background-color":"var(--ast-global-color-5)","background-image":"","background-repeat":"repeat","background-position":"center center","background-size":"auto","background-attachment":"scroll","background-type":"","background-media":"","overlay-type":"","overlay-color":"","overlay-opacity":"","overlay-gradient":""}},"_joinchat":[]},"product_brand":[],"product_cat":[62],"product_tag":[],"class_list":{"0":"post-5045","1":"product","2":"type-product","3":"status-publish","4":"has-post-thumbnail","6":"product_cat-pisos","7":"desktop-align-left","8":"tablet-align-left","9":"mobile-align-left","11":"first","12":"instock","13":"shipping-taxable","14":"product-type-simple"},"_links":{"self":[{"href":"https:\/\/diekuche.com.ar\/index.php\/wp-json\/wp\/v2\/product\/5045","targetHints":{"allow":["GET"]}}],"collection":[{"href":"https:\/\/diekuche.com.ar\/index.php\/wp-json\/wp\/v2\/product"}],"about":[{"href":"https:\/\/diekuche.com.ar\/index.php\/wp-json\/wp\/v2\/types\/product"}],"version-history":[{"count":10,"href":"https:\/\/diekuche.com.ar\/index.php\/wp-json\/wp\/v2\/product\/5045\/revisions"}],"predecessor-version":[{"id":5598,"href":"https:\/\/diekuche.com.ar\/index.php\/wp-json\/wp\/v2\/product\/5045\/revisions\/5598"}],"wp:featuredmedia":[{"embeddable":true,"href":"https:\/\/diekuche.com.ar\/index.php\/wp-json\/wp\/v2\/media\/5046"}],"wp:attachment":[{"href":"https:\/\/diekuche.com.ar\/index.php\/wp-json\/wp\/v2\/media?parent=5045"}],"wp:term":[{"taxonomy":"product_brand","embeddable":true,"href":"https:\/\/diekuche.com.ar\/index.php\/wp-json\/wp\/v2\/product_brand?post=5045"},{"taxonomy":"product_cat","embeddable":true,"href":"https:\/\/diekuche.com.ar\/index.php\/wp-json\/wp\/v2\/product_cat?post=5045"},{"taxonomy":"product_tag","embeddable":true,"href":"https:\/\/diekuche.com.ar\/index.php\/wp-json\/wp\/v2\/product_tag?post=5045"}],"curies":[{"name":"wp","href":"https:\/\/api.w.org\/{rel}","templated":true}]}}